{"id":7249,"date":"2021-08-09T14:41:50","date_gmt":"2021-08-09T11:41:50","guid":{"rendered":"https:\/\/www.verkatehdas.fi\/event-ideas\/yleisotapahtumat\/"},"modified":"2023-01-20T15:26:38","modified_gmt":"2023-01-20T13:26:38","slug":"public-events","status":"publish","type":"page","link":"https:\/\/www.verkatehdas.fi\/en\/event-ideas\/public-events\/","title":{"rendered":"Public events"},"content":{"rendered":"","protected":false},"excerpt":{"rendered":"","protected":false},"author":4,"featured_media":14406,"parent":7242,"menu_order":0,"comment_status":"closed","ping_status":"closed","template":"","meta":{"_acf_changed":false,"footnotes":""},"class_list":["post-7249","page","type-page","status-publish","has-post-thumbnail","hentry"],"acf":[],"yoast_head":"<!-- This site is optimized with the Yoast SEO Premium plugin v27.4 (Yoast SEO v27.4) - https:\/\/yoast.com\/product\/yoast-seo-premium-wordpress\/ -->\n<title>Organizing a public event - Verkatehdas<\/title>\n<meta name=\"description\" content=\"Organizing a public event at Verkatehdas is carried out with professionalism and listening to the customer&#039;s wishes.\" \/>\n<meta name=\"robots\" content=\"index, follow, max-snippet:-1, max-image-preview:large, max-video-preview:-1\" \/>\n<link rel=\"canonical\" href=\"https:\/\/www.verkatehdas.fi\/en\/event-ideas\/public-events\/\" \/>\n<meta property=\"og:locale\" content=\"en_US\" \/>\n<meta property=\"og:type\" content=\"article\" \/>\n<meta property=\"og:title\" content=\"Public events - Verkatehdas\" \/>\n<meta property=\"og:description\" content=\"Verkatehdas is the ideal location for concerts, gigs, performances and other public events. We have fantastic facilities and services to delight large audiences, whether your event features music, dance, theatre, stand-up or something entirely different.\" \/>\n<meta property=\"og:url\" content=\"https:\/\/www.verkatehdas.fi\/en\/event-ideas\/public-events\/\" \/>\n<meta property=\"og:site_name\" content=\"Verkatehdas\" \/>\n<meta property=\"article:publisher\" content=\"https:\/\/www.facebook.com\/verkatehdas\/\" \/>\n<meta property=\"article:modified_time\" content=\"2023-01-20T13:26:38+00:00\" \/>\n<meta property=\"og:image\" content=\"https:\/\/www.verkatehdas.fi\/wp-content\/uploads\/2023\/01\/Pianokonsertti-Vanaja-salissa-\u00a9-Pasi-Visakivi-Verkatehdas-2019-1-1.jpg\" \/>\n\t<meta property=\"og:image:width\" content=\"2000\" \/>\n\t<meta property=\"og:image:height\" content=\"1125\" \/>\n\t<meta property=\"og:image:type\" content=\"image\/jpeg\" \/>\n<meta name=\"twitter:card\" content=\"summary_large_image\" \/>\n<meta name=\"twitter:title\" content=\"Public events - Verkatehdas\" \/>\n<meta name=\"twitter:description\" content=\"Verkatehdas is the ideal location for concerts, gigs, performances and other public events. We have fantastic facilities and services to delight large audiences, whether your event features music, dance, theatre, stand-up or something entirely different.\" \/>\n<meta name=\"twitter:image\" content=\"https:\/\/www.verkatehdas.fi\/wp-content\/uploads\/2023\/01\/Pianokonsertti-Vanaja-salissa-\u00a9-Pasi-Visakivi-Verkatehdas-2019-1-1.jpg?wsr\" \/>\n<script type=\"application\/ld+json\" class=\"yoast-schema-graph\">{\"@context\":\"https:\\\/\\\/schema.org\",\"@graph\":[{\"@type\":\"WebPage\",\"@id\":\"https:\\\/\\\/www.verkatehdas.fi\\\/en\\\/event-ideas\\\/public-events\\\/\",\"url\":\"https:\\\/\\\/www.verkatehdas.fi\\\/en\\\/event-ideas\\\/public-events\\\/\",\"name\":\"Organizing a public event - Verkatehdas\",\"isPartOf\":{\"@id\":\"https:\\\/\\\/www.verkatehdas.fi\\\/en\\\/#website\"},\"primaryImageOfPage\":{\"@id\":\"https:\\\/\\\/www.verkatehdas.fi\\\/en\\\/event-ideas\\\/public-events\\\/#primaryimage\"},\"image\":{\"@id\":\"https:\\\/\\\/www.verkatehdas.fi\\\/en\\\/event-ideas\\\/public-events\\\/#primaryimage\"},\"thumbnailUrl\":\"https:\\\/\\\/www.verkatehdas.fi\\\/wp-content\\\/uploads\\\/2023\\\/01\\\/Pianokonsertti-Vanaja-salissa-\u00a9-Pasi-Visakivi-Verkatehdas-2019-1-1.jpg?wsr\",\"datePublished\":\"2021-08-09T11:41:50+00:00\",\"dateModified\":\"2023-01-20T13:26:38+00:00\",\"description\":\"Organizing a public event at Verkatehdas is carried out with professionalism and listening to the customer's wishes.\",\"breadcrumb\":{\"@id\":\"https:\\\/\\\/www.verkatehdas.fi\\\/en\\\/event-ideas\\\/public-events\\\/#breadcrumb\"},\"inLanguage\":\"en-US\",\"potentialAction\":[{\"@type\":\"ReadAction\",\"target\":[\"https:\\\/\\\/www.verkatehdas.fi\\\/en\\\/event-ideas\\\/public-events\\\/\"]}]},{\"@type\":\"ImageObject\",\"inLanguage\":\"en-US\",\"@id\":\"https:\\\/\\\/www.verkatehdas.fi\\\/en\\\/event-ideas\\\/public-events\\\/#primaryimage\",\"url\":\"https:\\\/\\\/www.verkatehdas.fi\\\/wp-content\\\/uploads\\\/2023\\\/01\\\/Pianokonsertti-Vanaja-salissa-\u00a9-Pasi-Visakivi-Verkatehdas-2019-1-1.jpg?wsr\",\"contentUrl\":\"https:\\\/\\\/www.verkatehdas.fi\\\/wp-content\\\/uploads\\\/2023\\\/01\\\/Pianokonsertti-Vanaja-salissa-\u00a9-Pasi-Visakivi-Verkatehdas-2019-1-1.jpg?wsr\",\"width\":2000,\"height\":1125,\"caption\":\"Verkatehtaalla voit j\u00e4rjest\u00e4\u00e4 konsertteja, esityksi\u00e4 tai muita yleis\u00f6tapahtumia.\"},{\"@type\":\"BreadcrumbList\",\"@id\":\"https:\\\/\\\/www.verkatehdas.fi\\\/en\\\/event-ideas\\\/public-events\\\/#breadcrumb\",\"itemListElement\":[{\"@type\":\"ListItem\",\"position\":1,\"name\":\"Etusivu\",\"item\":\"https:\\\/\\\/www.verkatehdas.fi\\\/en\\\/\"},{\"@type\":\"ListItem\",\"position\":2,\"name\":\"Event ideas\",\"item\":\"https:\\\/\\\/www.verkatehdas.fi\\\/en\\\/event-ideas\\\/\"},{\"@type\":\"ListItem\",\"position\":3,\"name\":\"Public events\"}]},{\"@type\":\"WebSite\",\"@id\":\"https:\\\/\\\/www.verkatehdas.fi\\\/en\\\/#website\",\"url\":\"https:\\\/\\\/www.verkatehdas.fi\\\/en\\\/\",\"name\":\"Verkatehdas H\u00e4meenlinna\",\"description\":\"Verkatehdas on H\u00e4meenlinnassa sijaitseva tapahtumatalo, jossa j\u00e4rjestet\u00e4\u00e4n erilaisia tapahtumia, kuten kokouksia, konsertteja, teatteria, messuja ja yritystilaisuuksia.\",\"publisher\":{\"@id\":\"https:\\\/\\\/www.verkatehdas.fi\\\/en\\\/#organization\"},\"potentialAction\":[{\"@type\":\"SearchAction\",\"target\":{\"@type\":\"EntryPoint\",\"urlTemplate\":\"https:\\\/\\\/www.verkatehdas.fi\\\/en\\\/?s={search_term_string}\"},\"query-input\":{\"@type\":\"PropertyValueSpecification\",\"valueRequired\":true,\"valueName\":\"search_term_string\"}}],\"inLanguage\":\"en-US\"},{\"@type\":\"Organization\",\"@id\":\"https:\\\/\\\/www.verkatehdas.fi\\\/en\\\/#organization\",\"name\":\"Verkatehdas\",\"url\":\"https:\\\/\\\/www.verkatehdas.fi\\\/en\\\/\",\"logo\":{\"@type\":\"ImageObject\",\"inLanguage\":\"en-US\",\"@id\":\"https:\\\/\\\/www.verkatehdas.fi\\\/en\\\/#\\\/schema\\\/logo\\\/image\\\/\",\"url\":\"https:\\\/\\\/www.verkatehdas.fi\\\/wp-content\\\/uploads\\\/2025\\\/09\\\/verkatehdas-logo-musta.svg\",\"contentUrl\":\"https:\\\/\\\/www.verkatehdas.fi\\\/wp-content\\\/uploads\\\/2025\\\/09\\\/verkatehdas-logo-musta.svg\",\"width\":1,\"height\":1,\"caption\":\"Verkatehdas\"},\"image\":{\"@id\":\"https:\\\/\\\/www.verkatehdas.fi\\\/en\\\/#\\\/schema\\\/logo\\\/image\\\/\"},\"sameAs\":[\"https:\\\/\\\/www.facebook.com\\\/verkatehdas\\\/\",\"https:\\\/\\\/www.instagram.com\\\/verkatehdas\\\/\",\"https:\\\/\\\/www.linkedin.com\\\/company\\\/verkatehdas\\\/\",\"https:\\\/\\\/www.youtube.com\\\/channel\\\/UCzNA8A9_qgX_7NKpx_LaSqw\"],\"description\":\"Verkatehdas on H\u00e4meenlinnassa sijaitseva tapahtumatalo, jossa j\u00e4rjestet\u00e4\u00e4n erilaisia tapahtumia, kuten kokouksia, konsertteja, teatteria, messuja ja yritystilaisuuksia. Verkatehtaalla k\u00e4y vuosittain yli puoli miljoonaa k\u00e4vij\u00e4\u00e4 nauttimassa erilaisista tapahtumista. Verkatehtaan 703-paikkainen Vanaja-sali mukautuu konserttipaikasta kokoustilaksi ja seminaarihallista stand up -komiikan n\u00e4ytt\u00e4m\u00f6ksi. Vanaja-salin lis\u00e4ksi Verkatehtaalta l\u00f6ytyy monipuolisesti erilaisia ja erikokoisia tiloja, joissa voi j\u00e4rjest\u00e4\u00e4 esimerkiksi kokouksia, hybridi- tai virtuaalitapahtumia, messuja, keikkoja, yritysjuhlia, n\u00e4ytelmi\u00e4, asiakastilaisuuksia, seminaareja ja koulutuksia. Verkatehdas haluaa mahdollistaa unohtumattomat tapahtumakokemukset yksityis- ja yritysasiakkailleen. T\u00e4m\u00e4 toteutuu tarjoamalla mielenkiintoisen tapahtumamilj\u00f6\u00f6n, helppokulkuisen sijainnin, loistavat tarjoilut sek\u00e4 toimivat tekniset ratkaisut. Ennen kaikkea haluamme tarjota asiakkaille ensiluokkaista palvelua.\",\"email\":\"info@verkatehdas.fi\",\"legalName\":\"Verkatehdas Oy\",\"numberOfEmployees\":{\"@type\":\"QuantitativeValue\",\"minValue\":\"11\",\"maxValue\":\"50\"}}]}<\/script>\n<!-- \/ Yoast SEO Premium plugin. -->","yoast_head_json":{"title":"Organizing a public event - Verkatehdas","description":"Organizing a public event at Verkatehdas is carried out with professionalism and listening to the customer's wishes.","robots":{"index":"index","follow":"follow","max-snippet":"max-snippet:-1","max-image-preview":"max-image-preview:large","max-video-preview":"max-video-preview:-1"},"canonical":"https:\/\/www.verkatehdas.fi\/en\/event-ideas\/public-events\/","og_locale":"en_US","og_type":"article","og_title":"Public events - Verkatehdas","og_description":"Verkatehdas is the ideal location for concerts, gigs, performances and other public events. We have fantastic facilities and services to delight large audiences, whether your event features music, dance, theatre, stand-up or something entirely different.","og_url":"https:\/\/www.verkatehdas.fi\/en\/event-ideas\/public-events\/","og_site_name":"Verkatehdas","article_publisher":"https:\/\/www.facebook.com\/verkatehdas\/","article_modified_time":"2023-01-20T13:26:38+00:00","og_image":[{"width":2000,"height":1125,"url":"https:\/\/www.verkatehdas.fi\/wp-content\/uploads\/2023\/01\/Pianokonsertti-Vanaja-salissa-\u00a9-Pasi-Visakivi-Verkatehdas-2019-1-1.jpg","type":"image\/jpeg"}],"twitter_card":"summary_large_image","twitter_title":"Public events - Verkatehdas","twitter_description":"Verkatehdas is the ideal location for concerts, gigs, performances and other public events. We have fantastic facilities and services to delight large audiences, whether your event features music, dance, theatre, stand-up or something entirely different.","twitter_image":"https:\/\/www.verkatehdas.fi\/wp-content\/uploads\/2023\/01\/Pianokonsertti-Vanaja-salissa-\u00a9-Pasi-Visakivi-Verkatehdas-2019-1-1.jpg?wsr","schema":{"@context":"https:\/\/schema.org","@graph":[{"@type":"WebPage","@id":"https:\/\/www.verkatehdas.fi\/en\/event-ideas\/public-events\/","url":"https:\/\/www.verkatehdas.fi\/en\/event-ideas\/public-events\/","name":"Organizing a public event - Verkatehdas","isPartOf":{"@id":"https:\/\/www.verkatehdas.fi\/en\/#website"},"primaryImageOfPage":{"@id":"https:\/\/www.verkatehdas.fi\/en\/event-ideas\/public-events\/#primaryimage"},"image":{"@id":"https:\/\/www.verkatehdas.fi\/en\/event-ideas\/public-events\/#primaryimage"},"thumbnailUrl":"https:\/\/www.verkatehdas.fi\/wp-content\/uploads\/2023\/01\/Pianokonsertti-Vanaja-salissa-\u00a9-Pasi-Visakivi-Verkatehdas-2019-1-1.jpg?wsr","datePublished":"2021-08-09T11:41:50+00:00","dateModified":"2023-01-20T13:26:38+00:00","description":"Organizing a public event at Verkatehdas is carried out with professionalism and listening to the customer's wishes.","breadcrumb":{"@id":"https:\/\/www.verkatehdas.fi\/en\/event-ideas\/public-events\/#breadcrumb"},"inLanguage":"en-US","potentialAction":[{"@type":"ReadAction","target":["https:\/\/www.verkatehdas.fi\/en\/event-ideas\/public-events\/"]}]},{"@type":"ImageObject","inLanguage":"en-US","@id":"https:\/\/www.verkatehdas.fi\/en\/event-ideas\/public-events\/#primaryimage","url":"https:\/\/www.verkatehdas.fi\/wp-content\/uploads\/2023\/01\/Pianokonsertti-Vanaja-salissa-\u00a9-Pasi-Visakivi-Verkatehdas-2019-1-1.jpg?wsr","contentUrl":"https:\/\/www.verkatehdas.fi\/wp-content\/uploads\/2023\/01\/Pianokonsertti-Vanaja-salissa-\u00a9-Pasi-Visakivi-Verkatehdas-2019-1-1.jpg?wsr","width":2000,"height":1125,"caption":"Verkatehtaalla voit j\u00e4rjest\u00e4\u00e4 konsertteja, esityksi\u00e4 tai muita yleis\u00f6tapahtumia."},{"@type":"BreadcrumbList","@id":"https:\/\/www.verkatehdas.fi\/en\/event-ideas\/public-events\/#breadcrumb","itemListElement":[{"@type":"ListItem","position":1,"name":"Etusivu","item":"https:\/\/www.verkatehdas.fi\/en\/"},{"@type":"ListItem","position":2,"name":"Event ideas","item":"https:\/\/www.verkatehdas.fi\/en\/event-ideas\/"},{"@type":"ListItem","position":3,"name":"Public events"}]},{"@type":"WebSite","@id":"https:\/\/www.verkatehdas.fi\/en\/#website","url":"https:\/\/www.verkatehdas.fi\/en\/","name":"Verkatehdas H\u00e4meenlinna","description":"Verkatehdas on H\u00e4meenlinnassa sijaitseva tapahtumatalo, jossa j\u00e4rjestet\u00e4\u00e4n erilaisia tapahtumia, kuten kokouksia, konsertteja, teatteria, messuja ja yritystilaisuuksia.","publisher":{"@id":"https:\/\/www.verkatehdas.fi\/en\/#organization"},"potentialAction":[{"@type":"SearchAction","target":{"@type":"EntryPoint","urlTemplate":"https:\/\/www.verkatehdas.fi\/en\/?s={search_term_string}"},"query-input":{"@type":"PropertyValueSpecification","valueRequired":true,"valueName":"search_term_string"}}],"inLanguage":"en-US"},{"@type":"Organization","@id":"https:\/\/www.verkatehdas.fi\/en\/#organization","name":"Verkatehdas","url":"https:\/\/www.verkatehdas.fi\/en\/","logo":{"@type":"ImageObject","inLanguage":"en-US","@id":"https:\/\/www.verkatehdas.fi\/en\/#\/schema\/logo\/image\/","url":"https:\/\/www.verkatehdas.fi\/wp-content\/uploads\/2025\/09\/verkatehdas-logo-musta.svg","contentUrl":"https:\/\/www.verkatehdas.fi\/wp-content\/uploads\/2025\/09\/verkatehdas-logo-musta.svg","width":1,"height":1,"caption":"Verkatehdas"},"image":{"@id":"https:\/\/www.verkatehdas.fi\/en\/#\/schema\/logo\/image\/"},"sameAs":["https:\/\/www.facebook.com\/verkatehdas\/","https:\/\/www.instagram.com\/verkatehdas\/","https:\/\/www.linkedin.com\/company\/verkatehdas\/","https:\/\/www.youtube.com\/channel\/UCzNA8A9_qgX_7NKpx_LaSqw"],"description":"Verkatehdas on H\u00e4meenlinnassa sijaitseva tapahtumatalo, jossa j\u00e4rjestet\u00e4\u00e4n erilaisia tapahtumia, kuten kokouksia, konsertteja, teatteria, messuja ja yritystilaisuuksia. Verkatehtaalla k\u00e4y vuosittain yli puoli miljoonaa k\u00e4vij\u00e4\u00e4 nauttimassa erilaisista tapahtumista. Verkatehtaan 703-paikkainen Vanaja-sali mukautuu konserttipaikasta kokoustilaksi ja seminaarihallista stand up -komiikan n\u00e4ytt\u00e4m\u00f6ksi. Vanaja-salin lis\u00e4ksi Verkatehtaalta l\u00f6ytyy monipuolisesti erilaisia ja erikokoisia tiloja, joissa voi j\u00e4rjest\u00e4\u00e4 esimerkiksi kokouksia, hybridi- tai virtuaalitapahtumia, messuja, keikkoja, yritysjuhlia, n\u00e4ytelmi\u00e4, asiakastilaisuuksia, seminaareja ja koulutuksia. Verkatehdas haluaa mahdollistaa unohtumattomat tapahtumakokemukset yksityis- ja yritysasiakkailleen. T\u00e4m\u00e4 toteutuu tarjoamalla mielenkiintoisen tapahtumamilj\u00f6\u00f6n, helppokulkuisen sijainnin, loistavat tarjoilut sek\u00e4 toimivat tekniset ratkaisut. Ennen kaikkea haluamme tarjota asiakkaille ensiluokkaista palvelua.","email":"info@verkatehdas.fi","legalName":"Verkatehdas Oy","numberOfEmployees":{"@type":"QuantitativeValue","minValue":"11","maxValue":"50"}}]}},"_links":{"self":[{"href":"https:\/\/www.verkatehdas.fi\/en\/wp-json\/wp\/v2\/pages\/7249","targetHints":{"allow":["GET"]}}],"collection":[{"href":"https:\/\/www.verkatehdas.fi\/en\/wp-json\/wp\/v2\/pages"}],"about":[{"href":"https:\/\/www.verkatehdas.fi\/en\/wp-json\/wp\/v2\/types\/page"}],"author":[{"embeddable":true,"href":"https:\/\/www.verkatehdas.fi\/en\/wp-json\/wp\/v2\/users\/4"}],"replies":[{"embeddable":true,"href":"https:\/\/www.verkatehdas.fi\/en\/wp-json\/wp\/v2\/comments?post=7249"}],"version-history":[{"count":4,"href":"https:\/\/www.verkatehdas.fi\/en\/wp-json\/wp\/v2\/pages\/7249\/revisions"}],"predecessor-version":[{"id":14537,"href":"https:\/\/www.verkatehdas.fi\/en\/wp-json\/wp\/v2\/pages\/7249\/revisions\/14537"}],"up":[{"embeddable":true,"href":"https:\/\/www.verkatehdas.fi\/en\/wp-json\/wp\/v2\/pages\/7242"}],"wp:featuredmedia":[{"embeddable":true,"href":"https:\/\/www.verkatehdas.fi\/en\/wp-json\/wp\/v2\/media\/14406"}],"wp:attachment":[{"href":"https:\/\/www.verkatehdas.fi\/en\/wp-json\/wp\/v2\/media?parent=7249"}],"curies":[{"name":"wp","href":"https:\/\/api.w.org\/{rel}","templated":true}]}}