{"id":7317,"date":"2021-07-16T08:18:04","date_gmt":"2021-07-16T05:18:04","guid":{"rendered":"https:\/\/www.verkatehdas.fi\/event-venues\/kehraamo\/"},"modified":"2024-09-12T10:13:41","modified_gmt":"2024-09-12T07:13:41","slug":"kehraamo-conference-room","status":"publish","type":"page","link":"https:\/\/www.verkatehdas.fi\/en\/event-venues\/kehraamo-conference-room\/","title":{"rendered":"Kehr\u00e4\u00e4m\u00f6 conference room"},"content":{"rendered":"","protected":false},"excerpt":{"rendered":"","protected":false},"author":4,"featured_media":0,"parent":7286,"menu_order":0,"comment_status":"closed","ping_status":"closed","template":"","meta":{"_acf_changed":false,"footnotes":""},"class_list":["post-7317","page","type-page","status-publish","hentry"],"acf":[],"yoast_head":"<!-- This site is optimized with the Yoast SEO Premium plugin v27.4 (Yoast SEO v27.4) - https:\/\/yoast.com\/product\/yoast-seo-premium-wordpress\/ -->\n<title>Kehr\u00e4\u00e4m\u00f6 conference room - Verkatehdas<\/title>\n<meta name=\"description\" content=\"Kehr\u00e4\u00e4m\u00f6 is about 450 m\u00b2 of classic all-purpose meeting space that can be furnished according to your needs, for example, with exhibition tables, fair stands, dining tables or seating for a traditional meeting arrangement.\" \/>\n<meta name=\"robots\" content=\"index, follow, max-snippet:-1, max-image-preview:large, max-video-preview:-1\" \/>\n<link rel=\"canonical\" href=\"https:\/\/www.verkatehdas.fi\/en\/event-venues\/kehraamo-conference-room\/\" \/>\n<meta property=\"og:locale\" content=\"en_US\" \/>\n<meta property=\"og:type\" content=\"article\" \/>\n<meta property=\"og:title\" content=\"Kehr\u00e4\u00e4m\u00f6 conference room - Verkatehdas\" \/>\n<meta property=\"og:description\" content=\"Kehr\u00e4\u00e4m\u00f6 is about 450 m\u00b2 of classic all-purpose meeting space that can be furnished according to your needs, for example, with exhibition tables, fair stands, dining tables or seating for a traditional meeting arrangement.\" \/>\n<meta property=\"og:url\" content=\"https:\/\/www.verkatehdas.fi\/en\/event-venues\/kehraamo-conference-room\/\" \/>\n<meta property=\"og:site_name\" content=\"Verkatehdas\" \/>\n<meta property=\"article:publisher\" content=\"https:\/\/www.facebook.com\/verkatehdas\/\" \/>\n<meta property=\"article:modified_time\" content=\"2024-09-12T07:13:41+00:00\" \/>\n<meta property=\"og:image\" content=\"https:\/\/www.verkatehdas.fi\/wp-content\/uploads\/2021\/09\/Kokous-Kehraamossa-\u00a9-Oskari-Raunio-Verkatehdas-2021-8-scaled.jpg\" \/>\n\t<meta property=\"og:image:width\" content=\"2560\" \/>\n\t<meta property=\"og:image:height\" content=\"1920\" \/>\n\t<meta property=\"og:image:type\" content=\"image\/jpeg\" \/>\n<meta name=\"twitter:card\" content=\"summary_large_image\" \/>\n<meta name=\"twitter:title\" content=\"Kehr\u00e4\u00e4m\u00f6 conference room - Verkatehdas\" \/>\n<meta name=\"twitter:description\" content=\"Kehr\u00e4\u00e4m\u00f6 is about 450 m\u00b2 of classic all-purpose meeting space that can be furnished according to your needs, for example, with exhibition tables, fair stands, dining tables or seating for a traditional meeting arrangement.\" \/>\n<meta name=\"twitter:image\" content=\"https:\/\/www.verkatehdas.fi\/wp-content\/uploads\/2021\/09\/Kokous-Kehraamossa-\u00a9-Oskari-Raunio-Verkatehdas-2021-8-scaled.jpg?wsr\" \/>\n<script type=\"application\/ld+json\" class=\"yoast-schema-graph\">{\"@context\":\"https:\\\/\\\/schema.org\",\"@graph\":[{\"@type\":\"WebPage\",\"@id\":\"https:\\\/\\\/www.verkatehdas.fi\\\/en\\\/event-venues\\\/kehraamo-conference-room\\\/\",\"url\":\"https:\\\/\\\/www.verkatehdas.fi\\\/en\\\/event-venues\\\/kehraamo-conference-room\\\/\",\"name\":\"Kehr\u00e4\u00e4m\u00f6 conference room - Verkatehdas\",\"isPartOf\":{\"@id\":\"https:\\\/\\\/www.verkatehdas.fi\\\/en\\\/#website\"},\"datePublished\":\"2021-07-16T05:18:04+00:00\",\"dateModified\":\"2024-09-12T07:13:41+00:00\",\"description\":\"Kehr\u00e4\u00e4m\u00f6 is about 450 m\u00b2 of classic all-purpose meeting space that can be furnished according to your needs, for example, with exhibition tables, fair stands, dining tables or seating for a traditional meeting arrangement.\",\"breadcrumb\":{\"@id\":\"https:\\\/\\\/www.verkatehdas.fi\\\/en\\\/event-venues\\\/kehraamo-conference-room\\\/#breadcrumb\"},\"inLanguage\":\"en-US\",\"potentialAction\":[{\"@type\":\"ReadAction\",\"target\":[\"https:\\\/\\\/www.verkatehdas.fi\\\/en\\\/event-venues\\\/kehraamo-conference-room\\\/\"]}]},{\"@type\":\"BreadcrumbList\",\"@id\":\"https:\\\/\\\/www.verkatehdas.fi\\\/en\\\/event-venues\\\/kehraamo-conference-room\\\/#breadcrumb\",\"itemListElement\":[{\"@type\":\"ListItem\",\"position\":1,\"name\":\"Etusivu\",\"item\":\"https:\\\/\\\/www.verkatehdas.fi\\\/en\\\/\"},{\"@type\":\"ListItem\",\"position\":2,\"name\":\"Event venues\",\"item\":\"https:\\\/\\\/www.verkatehdas.fi\\\/en\\\/event-venues\\\/\"},{\"@type\":\"ListItem\",\"position\":3,\"name\":\"Kehr\u00e4\u00e4m\u00f6 conference room\"}]},{\"@type\":\"WebSite\",\"@id\":\"https:\\\/\\\/www.verkatehdas.fi\\\/en\\\/#website\",\"url\":\"https:\\\/\\\/www.verkatehdas.fi\\\/en\\\/\",\"name\":\"Verkatehdas H\u00e4meenlinna\",\"description\":\"Verkatehdas on H\u00e4meenlinnassa sijaitseva tapahtumatalo, jossa j\u00e4rjestet\u00e4\u00e4n erilaisia tapahtumia, kuten kokouksia, konsertteja, teatteria, messuja ja yritystilaisuuksia.\",\"publisher\":{\"@id\":\"https:\\\/\\\/www.verkatehdas.fi\\\/en\\\/#organization\"},\"potentialAction\":[{\"@type\":\"SearchAction\",\"target\":{\"@type\":\"EntryPoint\",\"urlTemplate\":\"https:\\\/\\\/www.verkatehdas.fi\\\/en\\\/?s={search_term_string}\"},\"query-input\":{\"@type\":\"PropertyValueSpecification\",\"valueRequired\":true,\"valueName\":\"search_term_string\"}}],\"inLanguage\":\"en-US\"},{\"@type\":\"Organization\",\"@id\":\"https:\\\/\\\/www.verkatehdas.fi\\\/en\\\/#organization\",\"name\":\"Verkatehdas\",\"url\":\"https:\\\/\\\/www.verkatehdas.fi\\\/en\\\/\",\"logo\":{\"@type\":\"ImageObject\",\"inLanguage\":\"en-US\",\"@id\":\"https:\\\/\\\/www.verkatehdas.fi\\\/en\\\/#\\\/schema\\\/logo\\\/image\\\/\",\"url\":\"https:\\\/\\\/www.verkatehdas.fi\\\/wp-content\\\/uploads\\\/2025\\\/09\\\/verkatehdas-logo-musta.svg\",\"contentUrl\":\"https:\\\/\\\/www.verkatehdas.fi\\\/wp-content\\\/uploads\\\/2025\\\/09\\\/verkatehdas-logo-musta.svg\",\"width\":1,\"height\":1,\"caption\":\"Verkatehdas\"},\"image\":{\"@id\":\"https:\\\/\\\/www.verkatehdas.fi\\\/en\\\/#\\\/schema\\\/logo\\\/image\\\/\"},\"sameAs\":[\"https:\\\/\\\/www.facebook.com\\\/verkatehdas\\\/\",\"https:\\\/\\\/www.instagram.com\\\/verkatehdas\\\/\",\"https:\\\/\\\/www.linkedin.com\\\/company\\\/verkatehdas\\\/\",\"https:\\\/\\\/www.youtube.com\\\/channel\\\/UCzNA8A9_qgX_7NKpx_LaSqw\"],\"description\":\"Verkatehdas on H\u00e4meenlinnassa sijaitseva tapahtumatalo, jossa j\u00e4rjestet\u00e4\u00e4n erilaisia tapahtumia, kuten kokouksia, konsertteja, teatteria, messuja ja yritystilaisuuksia. Verkatehtaalla k\u00e4y vuosittain yli puoli miljoonaa k\u00e4vij\u00e4\u00e4 nauttimassa erilaisista tapahtumista. Verkatehtaan 703-paikkainen Vanaja-sali mukautuu konserttipaikasta kokoustilaksi ja seminaarihallista stand up -komiikan n\u00e4ytt\u00e4m\u00f6ksi. Vanaja-salin lis\u00e4ksi Verkatehtaalta l\u00f6ytyy monipuolisesti erilaisia ja erikokoisia tiloja, joissa voi j\u00e4rjest\u00e4\u00e4 esimerkiksi kokouksia, hybridi- tai virtuaalitapahtumia, messuja, keikkoja, yritysjuhlia, n\u00e4ytelmi\u00e4, asiakastilaisuuksia, seminaareja ja koulutuksia. Verkatehdas haluaa mahdollistaa unohtumattomat tapahtumakokemukset yksityis- ja yritysasiakkailleen. T\u00e4m\u00e4 toteutuu tarjoamalla mielenkiintoisen tapahtumamilj\u00f6\u00f6n, helppokulkuisen sijainnin, loistavat tarjoilut sek\u00e4 toimivat tekniset ratkaisut. Ennen kaikkea haluamme tarjota asiakkaille ensiluokkaista palvelua.\",\"email\":\"info@verkatehdas.fi\",\"legalName\":\"Verkatehdas Oy\",\"numberOfEmployees\":{\"@type\":\"QuantitativeValue\",\"minValue\":\"11\",\"maxValue\":\"50\"}}]}<\/script>\n<!-- \/ Yoast SEO Premium plugin. -->","yoast_head_json":{"title":"Kehr\u00e4\u00e4m\u00f6 conference room - Verkatehdas","description":"Kehr\u00e4\u00e4m\u00f6 is about 450 m\u00b2 of classic all-purpose meeting space that can be furnished according to your needs, for example, with exhibition tables, fair stands, dining tables or seating for a traditional meeting arrangement.","robots":{"index":"index","follow":"follow","max-snippet":"max-snippet:-1","max-image-preview":"max-image-preview:large","max-video-preview":"max-video-preview:-1"},"canonical":"https:\/\/www.verkatehdas.fi\/en\/event-venues\/kehraamo-conference-room\/","og_locale":"en_US","og_type":"article","og_title":"Kehr\u00e4\u00e4m\u00f6 conference room - Verkatehdas","og_description":"Kehr\u00e4\u00e4m\u00f6 is about 450 m\u00b2 of classic all-purpose meeting space that can be furnished according to your needs, for example, with exhibition tables, fair stands, dining tables or seating for a traditional meeting arrangement.","og_url":"https:\/\/www.verkatehdas.fi\/en\/event-venues\/kehraamo-conference-room\/","og_site_name":"Verkatehdas","article_publisher":"https:\/\/www.facebook.com\/verkatehdas\/","article_modified_time":"2024-09-12T07:13:41+00:00","og_image":[{"width":2560,"height":1920,"url":"https:\/\/www.verkatehdas.fi\/wp-content\/uploads\/2021\/09\/Kokous-Kehraamossa-\u00a9-Oskari-Raunio-Verkatehdas-2021-8-scaled.jpg","type":"image\/jpeg"}],"twitter_card":"summary_large_image","twitter_title":"Kehr\u00e4\u00e4m\u00f6 conference room - Verkatehdas","twitter_description":"Kehr\u00e4\u00e4m\u00f6 is about 450 m\u00b2 of classic all-purpose meeting space that can be furnished according to your needs, for example, with exhibition tables, fair stands, dining tables or seating for a traditional meeting arrangement.","twitter_image":"https:\/\/www.verkatehdas.fi\/wp-content\/uploads\/2021\/09\/Kokous-Kehraamossa-\u00a9-Oskari-Raunio-Verkatehdas-2021-8-scaled.jpg?wsr","schema":{"@context":"https:\/\/schema.org","@graph":[{"@type":"WebPage","@id":"https:\/\/www.verkatehdas.fi\/en\/event-venues\/kehraamo-conference-room\/","url":"https:\/\/www.verkatehdas.fi\/en\/event-venues\/kehraamo-conference-room\/","name":"Kehr\u00e4\u00e4m\u00f6 conference room - Verkatehdas","isPartOf":{"@id":"https:\/\/www.verkatehdas.fi\/en\/#website"},"datePublished":"2021-07-16T05:18:04+00:00","dateModified":"2024-09-12T07:13:41+00:00","description":"Kehr\u00e4\u00e4m\u00f6 is about 450 m\u00b2 of classic all-purpose meeting space that can be furnished according to your needs, for example, with exhibition tables, fair stands, dining tables or seating for a traditional meeting arrangement.","breadcrumb":{"@id":"https:\/\/www.verkatehdas.fi\/en\/event-venues\/kehraamo-conference-room\/#breadcrumb"},"inLanguage":"en-US","potentialAction":[{"@type":"ReadAction","target":["https:\/\/www.verkatehdas.fi\/en\/event-venues\/kehraamo-conference-room\/"]}]},{"@type":"BreadcrumbList","@id":"https:\/\/www.verkatehdas.fi\/en\/event-venues\/kehraamo-conference-room\/#breadcrumb","itemListElement":[{"@type":"ListItem","position":1,"name":"Etusivu","item":"https:\/\/www.verkatehdas.fi\/en\/"},{"@type":"ListItem","position":2,"name":"Event venues","item":"https:\/\/www.verkatehdas.fi\/en\/event-venues\/"},{"@type":"ListItem","position":3,"name":"Kehr\u00e4\u00e4m\u00f6 conference room"}]},{"@type":"WebSite","@id":"https:\/\/www.verkatehdas.fi\/en\/#website","url":"https:\/\/www.verkatehdas.fi\/en\/","name":"Verkatehdas H\u00e4meenlinna","description":"Verkatehdas on H\u00e4meenlinnassa sijaitseva tapahtumatalo, jossa j\u00e4rjestet\u00e4\u00e4n erilaisia tapahtumia, kuten kokouksia, konsertteja, teatteria, messuja ja yritystilaisuuksia.","publisher":{"@id":"https:\/\/www.verkatehdas.fi\/en\/#organization"},"potentialAction":[{"@type":"SearchAction","target":{"@type":"EntryPoint","urlTemplate":"https:\/\/www.verkatehdas.fi\/en\/?s={search_term_string}"},"query-input":{"@type":"PropertyValueSpecification","valueRequired":true,"valueName":"search_term_string"}}],"inLanguage":"en-US"},{"@type":"Organization","@id":"https:\/\/www.verkatehdas.fi\/en\/#organization","name":"Verkatehdas","url":"https:\/\/www.verkatehdas.fi\/en\/","logo":{"@type":"ImageObject","inLanguage":"en-US","@id":"https:\/\/www.verkatehdas.fi\/en\/#\/schema\/logo\/image\/","url":"https:\/\/www.verkatehdas.fi\/wp-content\/uploads\/2025\/09\/verkatehdas-logo-musta.svg","contentUrl":"https:\/\/www.verkatehdas.fi\/wp-content\/uploads\/2025\/09\/verkatehdas-logo-musta.svg","width":1,"height":1,"caption":"Verkatehdas"},"image":{"@id":"https:\/\/www.verkatehdas.fi\/en\/#\/schema\/logo\/image\/"},"sameAs":["https:\/\/www.facebook.com\/verkatehdas\/","https:\/\/www.instagram.com\/verkatehdas\/","https:\/\/www.linkedin.com\/company\/verkatehdas\/","https:\/\/www.youtube.com\/channel\/UCzNA8A9_qgX_7NKpx_LaSqw"],"description":"Verkatehdas on H\u00e4meenlinnassa sijaitseva tapahtumatalo, jossa j\u00e4rjestet\u00e4\u00e4n erilaisia tapahtumia, kuten kokouksia, konsertteja, teatteria, messuja ja yritystilaisuuksia. Verkatehtaalla k\u00e4y vuosittain yli puoli miljoonaa k\u00e4vij\u00e4\u00e4 nauttimassa erilaisista tapahtumista. Verkatehtaan 703-paikkainen Vanaja-sali mukautuu konserttipaikasta kokoustilaksi ja seminaarihallista stand up -komiikan n\u00e4ytt\u00e4m\u00f6ksi. Vanaja-salin lis\u00e4ksi Verkatehtaalta l\u00f6ytyy monipuolisesti erilaisia ja erikokoisia tiloja, joissa voi j\u00e4rjest\u00e4\u00e4 esimerkiksi kokouksia, hybridi- tai virtuaalitapahtumia, messuja, keikkoja, yritysjuhlia, n\u00e4ytelmi\u00e4, asiakastilaisuuksia, seminaareja ja koulutuksia. Verkatehdas haluaa mahdollistaa unohtumattomat tapahtumakokemukset yksityis- ja yritysasiakkailleen. T\u00e4m\u00e4 toteutuu tarjoamalla mielenkiintoisen tapahtumamilj\u00f6\u00f6n, helppokulkuisen sijainnin, loistavat tarjoilut sek\u00e4 toimivat tekniset ratkaisut. Ennen kaikkea haluamme tarjota asiakkaille ensiluokkaista palvelua.","email":"info@verkatehdas.fi","legalName":"Verkatehdas Oy","numberOfEmployees":{"@type":"QuantitativeValue","minValue":"11","maxValue":"50"}}]}},"_links":{"self":[{"href":"https:\/\/www.verkatehdas.fi\/en\/wp-json\/wp\/v2\/pages\/7317","targetHints":{"allow":["GET"]}}],"collection":[{"href":"https:\/\/www.verkatehdas.fi\/en\/wp-json\/wp\/v2\/pages"}],"about":[{"href":"https:\/\/www.verkatehdas.fi\/en\/wp-json\/wp\/v2\/types\/page"}],"author":[{"embeddable":true,"href":"https:\/\/www.verkatehdas.fi\/en\/wp-json\/wp\/v2\/users\/4"}],"replies":[{"embeddable":true,"href":"https:\/\/www.verkatehdas.fi\/en\/wp-json\/wp\/v2\/comments?post=7317"}],"version-history":[{"count":3,"href":"https:\/\/www.verkatehdas.fi\/en\/wp-json\/wp\/v2\/pages\/7317\/revisions"}],"predecessor-version":[{"id":18316,"href":"https:\/\/www.verkatehdas.fi\/en\/wp-json\/wp\/v2\/pages\/7317\/revisions\/18316"}],"up":[{"embeddable":true,"href":"https:\/\/www.verkatehdas.fi\/en\/wp-json\/wp\/v2\/pages\/7286"}],"wp:attachment":[{"href":"https:\/\/www.verkatehdas.fi\/en\/wp-json\/wp\/v2\/media?parent=7317"}],"curies":[{"name":"wp","href":"https:\/\/api.w.org\/{rel}","templated":true}]}}