{"id":7514,"date":"2021-06-11T08:15:39","date_gmt":"2021-06-11T05:15:39","guid":{"rendered":"https:\/\/www.verkatehdas.fi\/etusivu\/"},"modified":"2025-11-28T10:24:33","modified_gmt":"2025-11-28T08:24:33","slug":"etusivu","status":"publish","type":"page","link":"https:\/\/www.verkatehdas.fi\/en\/","title":{"rendered":"Homepage"},"content":{"rendered":"","protected":false},"excerpt":{"rendered":"","protected":false},"author":4,"featured_media":0,"parent":0,"menu_order":0,"comment_status":"closed","ping_status":"closed","template":"","meta":{"_acf_changed":false,"footnotes":""},"class_list":["post-7514","page","type-page","status-publish","hentry"],"acf":[],"yoast_head":"<!-- This site is optimized with the Yoast SEO Premium plugin v27.4 (Yoast SEO v27.4) - https:\/\/yoast.com\/product\/yoast-seo-premium-wordpress\/ -->\n<title>Verkatehdas - Event venue and culture centre in H\u00e4meenlinna<\/title>\n<meta name=\"description\" content=\"Verkatehdas (Finnish for baize factory) is an old factory turned into an atmospheric venue for diverse events. From concerts to contemporary circus and from small meetings to international conferences, Verkatehdas provides functional accommodations with state-of-the-art equipment. We have the best professionals in the house to help you make your event a memorable one.\" \/>\n<meta name=\"robots\" content=\"index, follow, max-snippet:-1, max-image-preview:large, max-video-preview:-1\" \/>\n<link rel=\"canonical\" href=\"https:\/\/www.verkatehdas.fi\/en\/\" \/>\n<meta property=\"og:locale\" content=\"en_US\" \/>\n<meta property=\"og:type\" content=\"article\" \/>\n<meta property=\"og:title\" content=\"Verkatehdas on H\u00e4meenlinnassa sijaitseva tapahtumatalo, jossa j\u00e4rjestet\u00e4\u00e4n erilaisia tapahtumia, kuten kokouksia, konsertteja, teatteria, messuja ja yritystilaisuuksia. Verkatehdas\" \/>\n<meta property=\"og:description\" content=\"Verkatehdas (Finnish for baize factory) is an old factory turned into an atmospheric venue for diverse events. From concerts to contemporary circus and from small meetings to international conferences, Verkatehdas provides functional accommodations with state-of-the-art equipment. We have the best professionals in the house to help you make your event a memorable one.\" \/>\n<meta property=\"og:url\" content=\"https:\/\/www.verkatehdas.fi\/en\/\" \/>\n<meta property=\"og:site_name\" content=\"Verkatehdas\" \/>\n<meta property=\"article:publisher\" content=\"https:\/\/www.facebook.com\/verkatehdas\/\" \/>\n<meta property=\"article:modified_time\" content=\"2025-11-28T08:24:33+00:00\" \/>\n<meta property=\"og:image\" content=\"https:\/\/www.verkatehdas.fi\/wp-content\/uploads\/2021\/06\/lasipiha_jouluvalot-Copy-scaled.jpg?wsr\" \/>\n\t<meta property=\"og:image:width\" content=\"2560\" \/>\n\t<meta property=\"og:image:height\" content=\"1700\" \/>\n\t<meta property=\"og:image:type\" content=\"image\/jpeg\" \/>\n<meta name=\"twitter:card\" content=\"summary_large_image\" \/>\n<meta name=\"twitter:title\" content=\"Verkatehdas on H\u00e4meenlinnassa sijaitseva tapahtumatalo, jossa j\u00e4rjestet\u00e4\u00e4n erilaisia tapahtumia, kuten kokouksia, konsertteja, teatteria, messuja ja yritystilaisuuksia. Verkatehdas\" \/>\n<meta name=\"twitter:image\" content=\"https:\/\/www.verkatehdas.fi\/wp-content\/uploads\/2021\/06\/lasipiha_jouluvalot-Copy-scaled.jpg?wsr\" \/>\n<meta name=\"twitter:label1\" content=\"Est. reading time\" \/>\n\t<meta name=\"twitter:data1\" content=\"3 minutes\" \/>\n<script type=\"application\/ld+json\" class=\"yoast-schema-graph\">{\"@context\":\"https:\\\/\\\/schema.org\",\"@graph\":[{\"@type\":\"WebPage\",\"@id\":\"https:\\\/\\\/www.verkatehdas.fi\\\/en\\\/\",\"url\":\"https:\\\/\\\/www.verkatehdas.fi\\\/en\\\/\",\"name\":\"Verkatehdas - Event venue and culture centre in H\u00e4meenlinna\",\"isPartOf\":{\"@id\":\"https:\\\/\\\/www.verkatehdas.fi\\\/en\\\/#website\"},\"datePublished\":\"2021-06-11T05:15:39+00:00\",\"dateModified\":\"2025-11-28T08:24:33+00:00\",\"description\":\"Verkatehdas (Finnish for baize factory) is an old factory turned into an atmospheric venue for diverse events. From concerts to contemporary circus and from small meetings to international conferences, Verkatehdas provides functional accommodations with state-of-the-art equipment. We have the best professionals in the house to help you make your event a memorable one.\",\"breadcrumb\":{\"@id\":\"https:\\\/\\\/www.verkatehdas.fi\\\/en\\\/#breadcrumb\"},\"inLanguage\":\"en-US\",\"potentialAction\":[{\"@type\":\"ReadAction\",\"target\":[\"https:\\\/\\\/www.verkatehdas.fi\\\/en\\\/\"]}]},{\"@type\":\"BreadcrumbList\",\"@id\":\"https:\\\/\\\/www.verkatehdas.fi\\\/en\\\/#breadcrumb\",\"itemListElement\":[{\"@type\":\"ListItem\",\"position\":1,\"name\":\"Etusivu\",\"item\":\"https:\\\/\\\/www.verkatehdas.fi\\\/en\\\/\"},{\"@type\":\"ListItem\",\"position\":2,\"name\":\"Homepage\"}]},{\"@type\":\"WebSite\",\"@id\":\"https:\\\/\\\/www.verkatehdas.fi\\\/en\\\/#website\",\"url\":\"https:\\\/\\\/www.verkatehdas.fi\\\/en\\\/\",\"name\":\"Verkatehdas H\u00e4meenlinna\",\"description\":\"Verkatehdas on H\u00e4meenlinnassa sijaitseva tapahtumatalo, jossa j\u00e4rjestet\u00e4\u00e4n erilaisia tapahtumia, kuten kokouksia, konsertteja, teatteria, messuja ja yritystilaisuuksia.\",\"publisher\":{\"@id\":\"https:\\\/\\\/www.verkatehdas.fi\\\/en\\\/#organization\"},\"potentialAction\":[{\"@type\":\"SearchAction\",\"target\":{\"@type\":\"EntryPoint\",\"urlTemplate\":\"https:\\\/\\\/www.verkatehdas.fi\\\/en\\\/?s={search_term_string}\"},\"query-input\":{\"@type\":\"PropertyValueSpecification\",\"valueRequired\":true,\"valueName\":\"search_term_string\"}}],\"inLanguage\":\"en-US\"},{\"@type\":\"Organization\",\"@id\":\"https:\\\/\\\/www.verkatehdas.fi\\\/en\\\/#organization\",\"name\":\"Verkatehdas\",\"url\":\"https:\\\/\\\/www.verkatehdas.fi\\\/en\\\/\",\"logo\":{\"@type\":\"ImageObject\",\"inLanguage\":\"en-US\",\"@id\":\"https:\\\/\\\/www.verkatehdas.fi\\\/en\\\/#\\\/schema\\\/logo\\\/image\\\/\",\"url\":\"https:\\\/\\\/www.verkatehdas.fi\\\/wp-content\\\/uploads\\\/2025\\\/09\\\/verkatehdas-logo-musta.svg\",\"contentUrl\":\"https:\\\/\\\/www.verkatehdas.fi\\\/wp-content\\\/uploads\\\/2025\\\/09\\\/verkatehdas-logo-musta.svg\",\"width\":1,\"height\":1,\"caption\":\"Verkatehdas\"},\"image\":{\"@id\":\"https:\\\/\\\/www.verkatehdas.fi\\\/en\\\/#\\\/schema\\\/logo\\\/image\\\/\"},\"sameAs\":[\"https:\\\/\\\/www.facebook.com\\\/verkatehdas\\\/\",\"https:\\\/\\\/www.instagram.com\\\/verkatehdas\\\/\",\"https:\\\/\\\/www.linkedin.com\\\/company\\\/verkatehdas\\\/\",\"https:\\\/\\\/www.youtube.com\\\/channel\\\/UCzNA8A9_qgX_7NKpx_LaSqw\"],\"description\":\"Verkatehdas on H\u00e4meenlinnassa sijaitseva tapahtumatalo, jossa j\u00e4rjestet\u00e4\u00e4n erilaisia tapahtumia, kuten kokouksia, konsertteja, teatteria, messuja ja yritystilaisuuksia. Verkatehtaalla k\u00e4y vuosittain yli puoli miljoonaa k\u00e4vij\u00e4\u00e4 nauttimassa erilaisista tapahtumista. Verkatehtaan 703-paikkainen Vanaja-sali mukautuu konserttipaikasta kokoustilaksi ja seminaarihallista stand up -komiikan n\u00e4ytt\u00e4m\u00f6ksi. Vanaja-salin lis\u00e4ksi Verkatehtaalta l\u00f6ytyy monipuolisesti erilaisia ja erikokoisia tiloja, joissa voi j\u00e4rjest\u00e4\u00e4 esimerkiksi kokouksia, hybridi- tai virtuaalitapahtumia, messuja, keikkoja, yritysjuhlia, n\u00e4ytelmi\u00e4, asiakastilaisuuksia, seminaareja ja koulutuksia. Verkatehdas haluaa mahdollistaa unohtumattomat tapahtumakokemukset yksityis- ja yritysasiakkailleen. T\u00e4m\u00e4 toteutuu tarjoamalla mielenkiintoisen tapahtumamilj\u00f6\u00f6n, helppokulkuisen sijainnin, loistavat tarjoilut sek\u00e4 toimivat tekniset ratkaisut. Ennen kaikkea haluamme tarjota asiakkaille ensiluokkaista palvelua.\",\"email\":\"info@verkatehdas.fi\",\"legalName\":\"Verkatehdas Oy\",\"numberOfEmployees\":{\"@type\":\"QuantitativeValue\",\"minValue\":\"11\",\"maxValue\":\"50\"}}]}<\/script>\n<!-- \/ Yoast SEO Premium plugin. -->","yoast_head_json":{"title":"Verkatehdas - Event venue and culture centre in H\u00e4meenlinna","description":"Verkatehdas (Finnish for baize factory) is an old factory turned into an atmospheric venue for diverse events. From concerts to contemporary circus and from small meetings to international conferences, Verkatehdas provides functional accommodations with state-of-the-art equipment. We have the best professionals in the house to help you make your event a memorable one.","robots":{"index":"index","follow":"follow","max-snippet":"max-snippet:-1","max-image-preview":"max-image-preview:large","max-video-preview":"max-video-preview:-1"},"canonical":"https:\/\/www.verkatehdas.fi\/en\/","og_locale":"en_US","og_type":"article","og_title":"Verkatehdas on H\u00e4meenlinnassa sijaitseva tapahtumatalo, jossa j\u00e4rjestet\u00e4\u00e4n erilaisia tapahtumia, kuten kokouksia, konsertteja, teatteria, messuja ja yritystilaisuuksia. Verkatehdas","og_description":"Verkatehdas (Finnish for baize factory) is an old factory turned into an atmospheric venue for diverse events. From concerts to contemporary circus and from small meetings to international conferences, Verkatehdas provides functional accommodations with state-of-the-art equipment. We have the best professionals in the house to help you make your event a memorable one.","og_url":"https:\/\/www.verkatehdas.fi\/en\/","og_site_name":"Verkatehdas","article_publisher":"https:\/\/www.facebook.com\/verkatehdas\/","article_modified_time":"2025-11-28T08:24:33+00:00","og_image":[{"width":2560,"height":1700,"url":"https:\/\/www.verkatehdas.fi\/wp-content\/uploads\/2021\/06\/lasipiha_jouluvalot-Copy-scaled.jpg?wsr","type":"image\/jpeg"}],"twitter_card":"summary_large_image","twitter_title":"Verkatehdas on H\u00e4meenlinnassa sijaitseva tapahtumatalo, jossa j\u00e4rjestet\u00e4\u00e4n erilaisia tapahtumia, kuten kokouksia, konsertteja, teatteria, messuja ja yritystilaisuuksia. Verkatehdas","twitter_image":"https:\/\/www.verkatehdas.fi\/wp-content\/uploads\/2021\/06\/lasipiha_jouluvalot-Copy-scaled.jpg?wsr","twitter_misc":{"Est. reading time":"3 minutes"},"schema":{"@context":"https:\/\/schema.org","@graph":[{"@type":"WebPage","@id":"https:\/\/www.verkatehdas.fi\/en\/","url":"https:\/\/www.verkatehdas.fi\/en\/","name":"Verkatehdas - Event venue and culture centre in H\u00e4meenlinna","isPartOf":{"@id":"https:\/\/www.verkatehdas.fi\/en\/#website"},"datePublished":"2021-06-11T05:15:39+00:00","dateModified":"2025-11-28T08:24:33+00:00","description":"Verkatehdas (Finnish for baize factory) is an old factory turned into an atmospheric venue for diverse events. From concerts to contemporary circus and from small meetings to international conferences, Verkatehdas provides functional accommodations with state-of-the-art equipment. We have the best professionals in the house to help you make your event a memorable one.","breadcrumb":{"@id":"https:\/\/www.verkatehdas.fi\/en\/#breadcrumb"},"inLanguage":"en-US","potentialAction":[{"@type":"ReadAction","target":["https:\/\/www.verkatehdas.fi\/en\/"]}]},{"@type":"BreadcrumbList","@id":"https:\/\/www.verkatehdas.fi\/en\/#breadcrumb","itemListElement":[{"@type":"ListItem","position":1,"name":"Etusivu","item":"https:\/\/www.verkatehdas.fi\/en\/"},{"@type":"ListItem","position":2,"name":"Homepage"}]},{"@type":"WebSite","@id":"https:\/\/www.verkatehdas.fi\/en\/#website","url":"https:\/\/www.verkatehdas.fi\/en\/","name":"Verkatehdas H\u00e4meenlinna","description":"Verkatehdas on H\u00e4meenlinnassa sijaitseva tapahtumatalo, jossa j\u00e4rjestet\u00e4\u00e4n erilaisia tapahtumia, kuten kokouksia, konsertteja, teatteria, messuja ja yritystilaisuuksia.","publisher":{"@id":"https:\/\/www.verkatehdas.fi\/en\/#organization"},"potentialAction":[{"@type":"SearchAction","target":{"@type":"EntryPoint","urlTemplate":"https:\/\/www.verkatehdas.fi\/en\/?s={search_term_string}"},"query-input":{"@type":"PropertyValueSpecification","valueRequired":true,"valueName":"search_term_string"}}],"inLanguage":"en-US"},{"@type":"Organization","@id":"https:\/\/www.verkatehdas.fi\/en\/#organization","name":"Verkatehdas","url":"https:\/\/www.verkatehdas.fi\/en\/","logo":{"@type":"ImageObject","inLanguage":"en-US","@id":"https:\/\/www.verkatehdas.fi\/en\/#\/schema\/logo\/image\/","url":"https:\/\/www.verkatehdas.fi\/wp-content\/uploads\/2025\/09\/verkatehdas-logo-musta.svg","contentUrl":"https:\/\/www.verkatehdas.fi\/wp-content\/uploads\/2025\/09\/verkatehdas-logo-musta.svg","width":1,"height":1,"caption":"Verkatehdas"},"image":{"@id":"https:\/\/www.verkatehdas.fi\/en\/#\/schema\/logo\/image\/"},"sameAs":["https:\/\/www.facebook.com\/verkatehdas\/","https:\/\/www.instagram.com\/verkatehdas\/","https:\/\/www.linkedin.com\/company\/verkatehdas\/","https:\/\/www.youtube.com\/channel\/UCzNA8A9_qgX_7NKpx_LaSqw"],"description":"Verkatehdas on H\u00e4meenlinnassa sijaitseva tapahtumatalo, jossa j\u00e4rjestet\u00e4\u00e4n erilaisia tapahtumia, kuten kokouksia, konsertteja, teatteria, messuja ja yritystilaisuuksia. Verkatehtaalla k\u00e4y vuosittain yli puoli miljoonaa k\u00e4vij\u00e4\u00e4 nauttimassa erilaisista tapahtumista. Verkatehtaan 703-paikkainen Vanaja-sali mukautuu konserttipaikasta kokoustilaksi ja seminaarihallista stand up -komiikan n\u00e4ytt\u00e4m\u00f6ksi. Vanaja-salin lis\u00e4ksi Verkatehtaalta l\u00f6ytyy monipuolisesti erilaisia ja erikokoisia tiloja, joissa voi j\u00e4rjest\u00e4\u00e4 esimerkiksi kokouksia, hybridi- tai virtuaalitapahtumia, messuja, keikkoja, yritysjuhlia, n\u00e4ytelmi\u00e4, asiakastilaisuuksia, seminaareja ja koulutuksia. Verkatehdas haluaa mahdollistaa unohtumattomat tapahtumakokemukset yksityis- ja yritysasiakkailleen. T\u00e4m\u00e4 toteutuu tarjoamalla mielenkiintoisen tapahtumamilj\u00f6\u00f6n, helppokulkuisen sijainnin, loistavat tarjoilut sek\u00e4 toimivat tekniset ratkaisut. Ennen kaikkea haluamme tarjota asiakkaille ensiluokkaista palvelua.","email":"info@verkatehdas.fi","legalName":"Verkatehdas Oy","numberOfEmployees":{"@type":"QuantitativeValue","minValue":"11","maxValue":"50"}}]}},"_links":{"self":[{"href":"https:\/\/www.verkatehdas.fi\/en\/wp-json\/wp\/v2\/pages\/7514","targetHints":{"allow":["GET"]}}],"collection":[{"href":"https:\/\/www.verkatehdas.fi\/en\/wp-json\/wp\/v2\/pages"}],"about":[{"href":"https:\/\/www.verkatehdas.fi\/en\/wp-json\/wp\/v2\/types\/page"}],"author":[{"embeddable":true,"href":"https:\/\/www.verkatehdas.fi\/en\/wp-json\/wp\/v2\/users\/4"}],"replies":[{"embeddable":true,"href":"https:\/\/www.verkatehdas.fi\/en\/wp-json\/wp\/v2\/comments?post=7514"}],"version-history":[{"count":6,"href":"https:\/\/www.verkatehdas.fi\/en\/wp-json\/wp\/v2\/pages\/7514\/revisions"}],"predecessor-version":[{"id":22274,"href":"https:\/\/www.verkatehdas.fi\/en\/wp-json\/wp\/v2\/pages\/7514\/revisions\/22274"}],"wp:attachment":[{"href":"https:\/\/www.verkatehdas.fi\/en\/wp-json\/wp\/v2\/media?parent=7514"}],"curies":[{"name":"wp","href":"https:\/\/api.w.org\/{rel}","templated":true}]}}