{"id":7526,"date":"2021-07-16T08:22:55","date_gmt":"2021-07-16T05:22:55","guid":{"rendered":"https:\/\/www.verkatehdas.fi\/ota-yhteytta\/"},"modified":"2026-03-11T15:24:13","modified_gmt":"2026-03-11T13:24:13","slug":"contact-us","status":"publish","type":"page","link":"https:\/\/www.verkatehdas.fi\/en\/contact-us\/","title":{"rendered":"Contact us"},"content":{"rendered":"","protected":false},"excerpt":{"rendered":"","protected":false},"author":4,"featured_media":0,"parent":0,"menu_order":0,"comment_status":"closed","ping_status":"closed","template":"","meta":{"_acf_changed":false,"footnotes":""},"class_list":["post-7526","page","type-page","status-publish","hentry"],"acf":[],"yoast_head":"<!-- This site is optimized with the Yoast SEO Premium plugin v27.4 (Yoast SEO v27.4) - https:\/\/yoast.com\/product\/yoast-seo-premium-wordpress\/ -->\n<title>Contact us - Verkatehdas<\/title>\n<meta name=\"description\" content=\"Haluatko olla yhteydess\u00e4 Verkatehtaalle? L\u00f6yd\u00e4t tarvittavat lis\u00e4tiedot t\u00e4lt\u00e4 sivulta.\" \/>\n<meta name=\"robots\" content=\"index, follow, max-snippet:-1, max-image-preview:large, max-video-preview:-1\" \/>\n<link rel=\"canonical\" href=\"https:\/\/www.verkatehdas.fi\/en\/contact-us\/\" \/>\n<meta property=\"og:locale\" content=\"en_US\" \/>\n<meta property=\"og:type\" content=\"article\" \/>\n<meta property=\"og:title\" content=\"Contact us - Verkatehdas\" \/>\n<meta property=\"og:description\" content=\"Haluatko olla yhteydess\u00e4 Verkatehtaalle? L\u00f6yd\u00e4t tarvittavat lis\u00e4tiedot t\u00e4lt\u00e4 sivulta.\" \/>\n<meta property=\"og:url\" content=\"https:\/\/www.verkatehdas.fi\/en\/contact-us\/\" \/>\n<meta property=\"og:site_name\" content=\"Verkatehdas\" \/>\n<meta property=\"article:publisher\" content=\"https:\/\/www.facebook.com\/verkatehdas\/\" \/>\n<meta property=\"article:modified_time\" content=\"2026-03-11T13:24:13+00:00\" \/>\n<meta property=\"og:image\" content=\"https:\/\/www.verkatehdas.fi\/wp-content\/uploads\/2021\/06\/iltakuva-visku2016-scaled.jpg?wsr\" \/>\n\t<meta property=\"og:image:width\" content=\"2560\" \/>\n\t<meta property=\"og:image:height\" content=\"921\" \/>\n\t<meta property=\"og:image:type\" content=\"image\/jpeg\" \/>\n<meta name=\"twitter:card\" content=\"summary_large_image\" \/>\n<meta name=\"twitter:title\" content=\"Contact us - Verkatehdas\" \/>\n<meta name=\"twitter:description\" content=\"Haluatko olla yhteydess\u00e4 Verkatehtaalle? L\u00f6yd\u00e4t tarvittavat lis\u00e4tiedot t\u00e4lt\u00e4 sivulta.\" \/>\n<meta name=\"twitter:image\" content=\"https:\/\/www.verkatehdas.fi\/wp-content\/uploads\/2021\/06\/iltakuva-visku2016-scaled.jpg?wsr\" \/>\n<meta name=\"twitter:label1\" content=\"Est. reading time\" \/>\n\t<meta name=\"twitter:data1\" content=\"2 minutes\" \/>\n<script type=\"application\/ld+json\" class=\"yoast-schema-graph\">{\"@context\":\"https:\\\/\\\/schema.org\",\"@graph\":[{\"@type\":\"WebPage\",\"@id\":\"https:\\\/\\\/www.verkatehdas.fi\\\/en\\\/contact-us\\\/\",\"url\":\"https:\\\/\\\/www.verkatehdas.fi\\\/en\\\/contact-us\\\/\",\"name\":\"Contact us - Verkatehdas\",\"isPartOf\":{\"@id\":\"https:\\\/\\\/www.verkatehdas.fi\\\/en\\\/#website\"},\"datePublished\":\"2021-07-16T05:22:55+00:00\",\"dateModified\":\"2026-03-11T13:24:13+00:00\",\"description\":\"Haluatko olla yhteydess\u00e4 Verkatehtaalle? L\u00f6yd\u00e4t tarvittavat lis\u00e4tiedot t\u00e4lt\u00e4 sivulta.\",\"breadcrumb\":{\"@id\":\"https:\\\/\\\/www.verkatehdas.fi\\\/en\\\/contact-us\\\/#breadcrumb\"},\"inLanguage\":\"en-US\",\"potentialAction\":[{\"@type\":\"ReadAction\",\"target\":[\"https:\\\/\\\/www.verkatehdas.fi\\\/en\\\/contact-us\\\/\"]}]},{\"@type\":\"BreadcrumbList\",\"@id\":\"https:\\\/\\\/www.verkatehdas.fi\\\/en\\\/contact-us\\\/#breadcrumb\",\"itemListElement\":[{\"@type\":\"ListItem\",\"position\":1,\"name\":\"Etusivu\",\"item\":\"https:\\\/\\\/www.verkatehdas.fi\\\/en\\\/\"},{\"@type\":\"ListItem\",\"position\":2,\"name\":\"Contact us\"}]},{\"@type\":\"WebSite\",\"@id\":\"https:\\\/\\\/www.verkatehdas.fi\\\/en\\\/#website\",\"url\":\"https:\\\/\\\/www.verkatehdas.fi\\\/en\\\/\",\"name\":\"Verkatehdas H\u00e4meenlinna\",\"description\":\"Verkatehdas on H\u00e4meenlinnassa sijaitseva tapahtumatalo, jossa j\u00e4rjestet\u00e4\u00e4n erilaisia tapahtumia, kuten kokouksia, konsertteja, teatteria, messuja ja yritystilaisuuksia.\",\"publisher\":{\"@id\":\"https:\\\/\\\/www.verkatehdas.fi\\\/en\\\/#organization\"},\"potentialAction\":[{\"@type\":\"SearchAction\",\"target\":{\"@type\":\"EntryPoint\",\"urlTemplate\":\"https:\\\/\\\/www.verkatehdas.fi\\\/en\\\/?s={search_term_string}\"},\"query-input\":{\"@type\":\"PropertyValueSpecification\",\"valueRequired\":true,\"valueName\":\"search_term_string\"}}],\"inLanguage\":\"en-US\"},{\"@type\":\"Organization\",\"@id\":\"https:\\\/\\\/www.verkatehdas.fi\\\/en\\\/#organization\",\"name\":\"Verkatehdas\",\"url\":\"https:\\\/\\\/www.verkatehdas.fi\\\/en\\\/\",\"logo\":{\"@type\":\"ImageObject\",\"inLanguage\":\"en-US\",\"@id\":\"https:\\\/\\\/www.verkatehdas.fi\\\/en\\\/#\\\/schema\\\/logo\\\/image\\\/\",\"url\":\"https:\\\/\\\/www.verkatehdas.fi\\\/wp-content\\\/uploads\\\/2025\\\/09\\\/verkatehdas-logo-musta.svg\",\"contentUrl\":\"https:\\\/\\\/www.verkatehdas.fi\\\/wp-content\\\/uploads\\\/2025\\\/09\\\/verkatehdas-logo-musta.svg\",\"width\":1,\"height\":1,\"caption\":\"Verkatehdas\"},\"image\":{\"@id\":\"https:\\\/\\\/www.verkatehdas.fi\\\/en\\\/#\\\/schema\\\/logo\\\/image\\\/\"},\"sameAs\":[\"https:\\\/\\\/www.facebook.com\\\/verkatehdas\\\/\",\"https:\\\/\\\/www.instagram.com\\\/verkatehdas\\\/\",\"https:\\\/\\\/www.linkedin.com\\\/company\\\/verkatehdas\\\/\",\"https:\\\/\\\/www.youtube.com\\\/channel\\\/UCzNA8A9_qgX_7NKpx_LaSqw\"],\"description\":\"Verkatehdas on H\u00e4meenlinnassa sijaitseva tapahtumatalo, jossa j\u00e4rjestet\u00e4\u00e4n erilaisia tapahtumia, kuten kokouksia, konsertteja, teatteria, messuja ja yritystilaisuuksia. Verkatehtaalla k\u00e4y vuosittain yli puoli miljoonaa k\u00e4vij\u00e4\u00e4 nauttimassa erilaisista tapahtumista. Verkatehtaan 703-paikkainen Vanaja-sali mukautuu konserttipaikasta kokoustilaksi ja seminaarihallista stand up -komiikan n\u00e4ytt\u00e4m\u00f6ksi. Vanaja-salin lis\u00e4ksi Verkatehtaalta l\u00f6ytyy monipuolisesti erilaisia ja erikokoisia tiloja, joissa voi j\u00e4rjest\u00e4\u00e4 esimerkiksi kokouksia, hybridi- tai virtuaalitapahtumia, messuja, keikkoja, yritysjuhlia, n\u00e4ytelmi\u00e4, asiakastilaisuuksia, seminaareja ja koulutuksia. Verkatehdas haluaa mahdollistaa unohtumattomat tapahtumakokemukset yksityis- ja yritysasiakkailleen. T\u00e4m\u00e4 toteutuu tarjoamalla mielenkiintoisen tapahtumamilj\u00f6\u00f6n, helppokulkuisen sijainnin, loistavat tarjoilut sek\u00e4 toimivat tekniset ratkaisut. Ennen kaikkea haluamme tarjota asiakkaille ensiluokkaista palvelua.\",\"email\":\"info@verkatehdas.fi\",\"legalName\":\"Verkatehdas Oy\",\"numberOfEmployees\":{\"@type\":\"QuantitativeValue\",\"minValue\":\"11\",\"maxValue\":\"50\"}}]}<\/script>\n<!-- \/ Yoast SEO Premium plugin. -->","yoast_head_json":{"title":"Contact us - Verkatehdas","description":"Haluatko olla yhteydess\u00e4 Verkatehtaalle? L\u00f6yd\u00e4t tarvittavat lis\u00e4tiedot t\u00e4lt\u00e4 sivulta.","robots":{"index":"index","follow":"follow","max-snippet":"max-snippet:-1","max-image-preview":"max-image-preview:large","max-video-preview":"max-video-preview:-1"},"canonical":"https:\/\/www.verkatehdas.fi\/en\/contact-us\/","og_locale":"en_US","og_type":"article","og_title":"Contact us - Verkatehdas","og_description":"Haluatko olla yhteydess\u00e4 Verkatehtaalle? L\u00f6yd\u00e4t tarvittavat lis\u00e4tiedot t\u00e4lt\u00e4 sivulta.","og_url":"https:\/\/www.verkatehdas.fi\/en\/contact-us\/","og_site_name":"Verkatehdas","article_publisher":"https:\/\/www.facebook.com\/verkatehdas\/","article_modified_time":"2026-03-11T13:24:13+00:00","og_image":[{"width":2560,"height":921,"url":"https:\/\/www.verkatehdas.fi\/wp-content\/uploads\/2021\/06\/iltakuva-visku2016-scaled.jpg?wsr","type":"image\/jpeg"}],"twitter_card":"summary_large_image","twitter_title":"Contact us - Verkatehdas","twitter_description":"Haluatko olla yhteydess\u00e4 Verkatehtaalle? L\u00f6yd\u00e4t tarvittavat lis\u00e4tiedot t\u00e4lt\u00e4 sivulta.","twitter_image":"https:\/\/www.verkatehdas.fi\/wp-content\/uploads\/2021\/06\/iltakuva-visku2016-scaled.jpg?wsr","twitter_misc":{"Est. reading time":"2 minutes"},"schema":{"@context":"https:\/\/schema.org","@graph":[{"@type":"WebPage","@id":"https:\/\/www.verkatehdas.fi\/en\/contact-us\/","url":"https:\/\/www.verkatehdas.fi\/en\/contact-us\/","name":"Contact us - Verkatehdas","isPartOf":{"@id":"https:\/\/www.verkatehdas.fi\/en\/#website"},"datePublished":"2021-07-16T05:22:55+00:00","dateModified":"2026-03-11T13:24:13+00:00","description":"Haluatko olla yhteydess\u00e4 Verkatehtaalle? L\u00f6yd\u00e4t tarvittavat lis\u00e4tiedot t\u00e4lt\u00e4 sivulta.","breadcrumb":{"@id":"https:\/\/www.verkatehdas.fi\/en\/contact-us\/#breadcrumb"},"inLanguage":"en-US","potentialAction":[{"@type":"ReadAction","target":["https:\/\/www.verkatehdas.fi\/en\/contact-us\/"]}]},{"@type":"BreadcrumbList","@id":"https:\/\/www.verkatehdas.fi\/en\/contact-us\/#breadcrumb","itemListElement":[{"@type":"ListItem","position":1,"name":"Etusivu","item":"https:\/\/www.verkatehdas.fi\/en\/"},{"@type":"ListItem","position":2,"name":"Contact us"}]},{"@type":"WebSite","@id":"https:\/\/www.verkatehdas.fi\/en\/#website","url":"https:\/\/www.verkatehdas.fi\/en\/","name":"Verkatehdas H\u00e4meenlinna","description":"Verkatehdas on H\u00e4meenlinnassa sijaitseva tapahtumatalo, jossa j\u00e4rjestet\u00e4\u00e4n erilaisia tapahtumia, kuten kokouksia, konsertteja, teatteria, messuja ja yritystilaisuuksia.","publisher":{"@id":"https:\/\/www.verkatehdas.fi\/en\/#organization"},"potentialAction":[{"@type":"SearchAction","target":{"@type":"EntryPoint","urlTemplate":"https:\/\/www.verkatehdas.fi\/en\/?s={search_term_string}"},"query-input":{"@type":"PropertyValueSpecification","valueRequired":true,"valueName":"search_term_string"}}],"inLanguage":"en-US"},{"@type":"Organization","@id":"https:\/\/www.verkatehdas.fi\/en\/#organization","name":"Verkatehdas","url":"https:\/\/www.verkatehdas.fi\/en\/","logo":{"@type":"ImageObject","inLanguage":"en-US","@id":"https:\/\/www.verkatehdas.fi\/en\/#\/schema\/logo\/image\/","url":"https:\/\/www.verkatehdas.fi\/wp-content\/uploads\/2025\/09\/verkatehdas-logo-musta.svg","contentUrl":"https:\/\/www.verkatehdas.fi\/wp-content\/uploads\/2025\/09\/verkatehdas-logo-musta.svg","width":1,"height":1,"caption":"Verkatehdas"},"image":{"@id":"https:\/\/www.verkatehdas.fi\/en\/#\/schema\/logo\/image\/"},"sameAs":["https:\/\/www.facebook.com\/verkatehdas\/","https:\/\/www.instagram.com\/verkatehdas\/","https:\/\/www.linkedin.com\/company\/verkatehdas\/","https:\/\/www.youtube.com\/channel\/UCzNA8A9_qgX_7NKpx_LaSqw"],"description":"Verkatehdas on H\u00e4meenlinnassa sijaitseva tapahtumatalo, jossa j\u00e4rjestet\u00e4\u00e4n erilaisia tapahtumia, kuten kokouksia, konsertteja, teatteria, messuja ja yritystilaisuuksia. Verkatehtaalla k\u00e4y vuosittain yli puoli miljoonaa k\u00e4vij\u00e4\u00e4 nauttimassa erilaisista tapahtumista. Verkatehtaan 703-paikkainen Vanaja-sali mukautuu konserttipaikasta kokoustilaksi ja seminaarihallista stand up -komiikan n\u00e4ytt\u00e4m\u00f6ksi. Vanaja-salin lis\u00e4ksi Verkatehtaalta l\u00f6ytyy monipuolisesti erilaisia ja erikokoisia tiloja, joissa voi j\u00e4rjest\u00e4\u00e4 esimerkiksi kokouksia, hybridi- tai virtuaalitapahtumia, messuja, keikkoja, yritysjuhlia, n\u00e4ytelmi\u00e4, asiakastilaisuuksia, seminaareja ja koulutuksia. Verkatehdas haluaa mahdollistaa unohtumattomat tapahtumakokemukset yksityis- ja yritysasiakkailleen. T\u00e4m\u00e4 toteutuu tarjoamalla mielenkiintoisen tapahtumamilj\u00f6\u00f6n, helppokulkuisen sijainnin, loistavat tarjoilut sek\u00e4 toimivat tekniset ratkaisut. Ennen kaikkea haluamme tarjota asiakkaille ensiluokkaista palvelua.","email":"info@verkatehdas.fi","legalName":"Verkatehdas Oy","numberOfEmployees":{"@type":"QuantitativeValue","minValue":"11","maxValue":"50"}}]}},"_links":{"self":[{"href":"https:\/\/www.verkatehdas.fi\/en\/wp-json\/wp\/v2\/pages\/7526","targetHints":{"allow":["GET"]}}],"collection":[{"href":"https:\/\/www.verkatehdas.fi\/en\/wp-json\/wp\/v2\/pages"}],"about":[{"href":"https:\/\/www.verkatehdas.fi\/en\/wp-json\/wp\/v2\/types\/page"}],"author":[{"embeddable":true,"href":"https:\/\/www.verkatehdas.fi\/en\/wp-json\/wp\/v2\/users\/4"}],"replies":[{"embeddable":true,"href":"https:\/\/www.verkatehdas.fi\/en\/wp-json\/wp\/v2\/comments?post=7526"}],"version-history":[{"count":7,"href":"https:\/\/www.verkatehdas.fi\/en\/wp-json\/wp\/v2\/pages\/7526\/revisions"}],"predecessor-version":[{"id":22946,"href":"https:\/\/www.verkatehdas.fi\/en\/wp-json\/wp\/v2\/pages\/7526\/revisions\/22946"}],"wp:attachment":[{"href":"https:\/\/www.verkatehdas.fi\/en\/wp-json\/wp\/v2\/media?parent=7526"}],"curies":[{"name":"wp","href":"https:\/\/api.w.org\/{rel}","templated":true}]}}